{"id":2317,"date":"2021-09-18T17:44:18","date_gmt":"2021-09-18T15:44:18","guid":{"rendered":"https:\/\/lesnotesbleues.com\/?page_id=2317"},"modified":"2022-02-25T11:35:05","modified_gmt":"2022-02-25T10:35:05","slug":"contact","status":"publish","type":"page","link":"https:\/\/lesnotesbleues.com\/index.php\/contact\/","title":{"rendered":"Contact"},"content":{"rendered":"\t\t<div data-elementor-type=\"wp-page\" data-elementor-id=\"2317\" class=\"elementor elementor-2317\">\n\t\t\t\t\t\t<section class=\"elementor-section elementor-top-section elementor-element elementor-element-3caa2d1 elementor-section-boxed elementor-section-height-default elementor-section-height-default\" data-id=\"3caa2d1\" data-element_type=\"section\" data-e-type=\"section\">\n\t\t\t\t\t\t<div class=\"elementor-container elementor-column-gap-default\">\n\t\t\t\t\t<div class=\"elementor-column elementor-col-100 elementor-top-column elementor-element elementor-element-09f0dd3\" data-id=\"09f0dd3\" data-element_type=\"column\" data-e-type=\"column\">\n\t\t\t<div class=\"elementor-widget-wrap elementor-element-populated\">\n\t\t\t\t\t\t<div class=\"elementor-element elementor-element-3f231a1 elementor-widget elementor-widget-text-editor\" data-id=\"3f231a1\" data-element_type=\"widget\" data-e-type=\"widget\" data-widget_type=\"text-editor.default\">\n\t\t\t\t<div class=\"elementor-widget-container\">\n\t\t\t\t\t\t\t\t\t<p>\n<div class=\"wpcf7 no-js\" id=\"wpcf7-f3033-o1\" lang=\"fr-FR\" dir=\"ltr\" data-wpcf7-id=\"3033\">\n<div class=\"screen-reader-response\"><p role=\"status\" aria-live=\"polite\" aria-atomic=\"true\"><\/p> <ul><\/ul><\/div>\n<form action=\"\/index.php\/wp-json\/wp\/v2\/pages\/2317#wpcf7-f3033-o1\" method=\"post\" class=\"wpcf7-form init\" aria-label=\"Formulaire de contact\" novalidate=\"novalidate\" data-status=\"init\">\n<fieldset class=\"hidden-fields-container\"><input type=\"hidden\" name=\"_wpcf7\" value=\"3033\" \/><input type=\"hidden\" name=\"_wpcf7_version\" value=\"6.1.5\" \/><input type=\"hidden\" name=\"_wpcf7_locale\" value=\"fr_FR\" \/><input type=\"hidden\" name=\"_wpcf7_unit_tag\" value=\"wpcf7-f3033-o1\" \/><input type=\"hidden\" name=\"_wpcf7_container_post\" value=\"0\" \/><input type=\"hidden\" name=\"_wpcf7_posted_data_hash\" value=\"\" \/>\n<\/fieldset>\n<p><label> Votre nom<br \/>\n<span class=\"wpcf7-form-control-wrap\" data-name=\"your-name\"><input size=\"40\" maxlength=\"400\" class=\"wpcf7-form-control wpcf7-text wpcf7-validates-as-required\" aria-required=\"true\" aria-invalid=\"false\" value=\"\" type=\"text\" name=\"your-name\" \/><\/span> <\/label>\n<\/p>\n<p><label> Votre e-mail<br \/>\n<span class=\"wpcf7-form-control-wrap\" data-name=\"your-email\"><input size=\"40\" maxlength=\"400\" class=\"wpcf7-form-control wpcf7-email wpcf7-validates-as-required wpcf7-text wpcf7-validates-as-email\" aria-required=\"true\" aria-invalid=\"false\" value=\"\" type=\"email\" name=\"your-email\" \/><\/span> <\/label>\n<\/p>\n<p><label> Objet<br \/>\n<span class=\"wpcf7-form-control-wrap\" data-name=\"your-subject\"><input size=\"40\" maxlength=\"400\" class=\"wpcf7-form-control wpcf7-text wpcf7-validates-as-required\" aria-required=\"true\" aria-invalid=\"false\" value=\"\" type=\"text\" name=\"your-subject\" \/><\/span> <\/label>\n<\/p>\n<p><label> Votre message (facultatif)<br \/>\n<span class=\"wpcf7-form-control-wrap\" data-name=\"your-message\"><textarea cols=\"40\" rows=\"10\" maxlength=\"2000\" class=\"wpcf7-form-control wpcf7-textarea\" aria-invalid=\"false\" name=\"your-message\"><\/textarea><\/span> <\/label>\n<\/p>\n<p><input class=\"wpcf7-form-control wpcf7-submit has-spinner\" type=\"submit\" value=\"Envoyer\" \/>\n<\/p><div class=\"wpcf7-response-output\" aria-hidden=\"true\"><\/div>\n<\/form>\n<\/div>\n<\/p>\t\t\t\t\t\t\t\t<\/div>\n\t\t\t\t<\/div>\n\t\t\t\t\t<\/div>\n\t\t<\/div>\n\t\t\t\t\t<\/div>\n\t\t<\/section>\n\t\t\t\t<\/div>\n\t\t","protected":false},"excerpt":{"rendered":"","protected":false},"author":1,"featured_media":0,"parent":0,"menu_order":0,"comment_status":"closed","ping_status":"closed","template":"","meta":{"_crdt_document":"","footnotes":""},"class_list":["post-2317","page","type-page","status-publish","hentry"],"yoast_head":"<!-- This site is optimized with the Yoast SEO plugin v27.3 - https:\/\/yoast.com\/product\/yoast-seo-wordpress\/ -->\n<title>Contact - Les Notes Bleues, cours de piano, \u00e0 Lesneven<\/title>\n<meta name=\"robots\" content=\"index, follow, max-snippet:-1, max-image-preview:large, max-video-preview:-1\" \/>\n<link rel=\"canonical\" href=\"https:\/\/lesnotesbleues.com\/index.php\/contact\/\" \/>\n<meta property=\"og:locale\" content=\"fr_FR\" \/>\n<meta property=\"og:type\" content=\"article\" \/>\n<meta property=\"og:title\" content=\"Contact - Les Notes Bleues, cours de piano, \u00e0 Lesneven\" \/>\n<meta property=\"og:url\" content=\"https:\/\/lesnotesbleues.com\/index.php\/contact\/\" \/>\n<meta property=\"og:site_name\" content=\"Les Notes Bleues, cours de piano, \u00e0 Lesneven\" \/>\n<meta property=\"article:modified_time\" content=\"2022-02-25T10:35:05+00:00\" \/>\n<meta name=\"twitter:card\" content=\"summary_large_image\" \/>\n<meta name=\"twitter:label1\" content=\"Dur\u00e9e de lecture estim\u00e9e\" \/>\n\t<meta name=\"twitter:data1\" content=\"1 minute\" \/>\n<script type=\"application\/ld+json\" class=\"yoast-schema-graph\">{\"@context\":\"https:\\\/\\\/schema.org\",\"@graph\":[{\"@type\":\"WebPage\",\"@id\":\"https:\\\/\\\/lesnotesbleues.com\\\/index.php\\\/contact\\\/\",\"url\":\"https:\\\/\\\/lesnotesbleues.com\\\/index.php\\\/contact\\\/\",\"name\":\"Contact - Les Notes Bleues, cours de piano, \u00e0 Lesneven\",\"isPartOf\":{\"@id\":\"https:\\\/\\\/lesnotesbleues.com\\\/#website\"},\"datePublished\":\"2021-09-18T15:44:18+00:00\",\"dateModified\":\"2022-02-25T10:35:05+00:00\",\"breadcrumb\":{\"@id\":\"https:\\\/\\\/lesnotesbleues.com\\\/index.php\\\/contact\\\/#breadcrumb\"},\"inLanguage\":\"fr-FR\",\"potentialAction\":[{\"@type\":\"ReadAction\",\"target\":[\"https:\\\/\\\/lesnotesbleues.com\\\/index.php\\\/contact\\\/\"]}]},{\"@type\":\"BreadcrumbList\",\"@id\":\"https:\\\/\\\/lesnotesbleues.com\\\/index.php\\\/contact\\\/#breadcrumb\",\"itemListElement\":[{\"@type\":\"ListItem\",\"position\":1,\"name\":\"Accueil\",\"item\":\"https:\\\/\\\/lesnotesbleues.com\\\/\"},{\"@type\":\"ListItem\",\"position\":2,\"name\":\"Contact\"}]},{\"@type\":\"WebSite\",\"@id\":\"https:\\\/\\\/lesnotesbleues.com\\\/#website\",\"url\":\"https:\\\/\\\/lesnotesbleues.com\\\/\",\"name\":\"Les Notes Bleues, cours de piano, \u00e0 Lesneven\",\"description\":\"Cours de musique particuliers ou collectifs au pays des l\u00e9gendes.\",\"publisher\":{\"@id\":\"https:\\\/\\\/lesnotesbleues.com\\\/#organization\"},\"potentialAction\":[{\"@type\":\"SearchAction\",\"target\":{\"@type\":\"EntryPoint\",\"urlTemplate\":\"https:\\\/\\\/lesnotesbleues.com\\\/?s={search_term_string}\"},\"query-input\":{\"@type\":\"PropertyValueSpecification\",\"valueRequired\":true,\"valueName\":\"search_term_string\"}}],\"inLanguage\":\"fr-FR\"},{\"@type\":\"Organization\",\"@id\":\"https:\\\/\\\/lesnotesbleues.com\\\/#organization\",\"name\":\"Les Notes Bleues, cours de piano, \u00e0 Lesneven\",\"url\":\"https:\\\/\\\/lesnotesbleues.com\\\/\",\"logo\":{\"@type\":\"ImageObject\",\"inLanguage\":\"fr-FR\",\"@id\":\"https:\\\/\\\/lesnotesbleues.com\\\/#\\\/schema\\\/logo\\\/image\\\/\",\"url\":\"https:\\\/\\\/lesnotesbleues.com\\\/wp-content\\\/uploads\\\/2018\\\/08\\\/cropped-cropped-les_notes_bleues_logo.jpg\",\"contentUrl\":\"https:\\\/\\\/lesnotesbleues.com\\\/wp-content\\\/uploads\\\/2018\\\/08\\\/cropped-cropped-les_notes_bleues_logo.jpg\",\"width\":250,\"height\":250,\"caption\":\"Les Notes Bleues, cours de piano, \u00e0 Lesneven\"},\"image\":{\"@id\":\"https:\\\/\\\/lesnotesbleues.com\\\/#\\\/schema\\\/logo\\\/image\\\/\"}}]}<\/script>\n<!-- \/ Yoast SEO plugin. -->","yoast_head_json":{"title":"Contact - Les Notes Bleues, cours de piano, \u00e0 Lesneven","robots":{"index":"index","follow":"follow","max-snippet":"max-snippet:-1","max-image-preview":"max-image-preview:large","max-video-preview":"max-video-preview:-1"},"canonical":"https:\/\/lesnotesbleues.com\/index.php\/contact\/","og_locale":"fr_FR","og_type":"article","og_title":"Contact - Les Notes Bleues, cours de piano, \u00e0 Lesneven","og_url":"https:\/\/lesnotesbleues.com\/index.php\/contact\/","og_site_name":"Les Notes Bleues, cours de piano, \u00e0 Lesneven","article_modified_time":"2022-02-25T10:35:05+00:00","twitter_card":"summary_large_image","twitter_misc":{"Dur\u00e9e de lecture estim\u00e9e":"1 minute"},"schema":{"@context":"https:\/\/schema.org","@graph":[{"@type":"WebPage","@id":"https:\/\/lesnotesbleues.com\/index.php\/contact\/","url":"https:\/\/lesnotesbleues.com\/index.php\/contact\/","name":"Contact - Les Notes Bleues, cours de piano, \u00e0 Lesneven","isPartOf":{"@id":"https:\/\/lesnotesbleues.com\/#website"},"datePublished":"2021-09-18T15:44:18+00:00","dateModified":"2022-02-25T10:35:05+00:00","breadcrumb":{"@id":"https:\/\/lesnotesbleues.com\/index.php\/contact\/#breadcrumb"},"inLanguage":"fr-FR","potentialAction":[{"@type":"ReadAction","target":["https:\/\/lesnotesbleues.com\/index.php\/contact\/"]}]},{"@type":"BreadcrumbList","@id":"https:\/\/lesnotesbleues.com\/index.php\/contact\/#breadcrumb","itemListElement":[{"@type":"ListItem","position":1,"name":"Accueil","item":"https:\/\/lesnotesbleues.com\/"},{"@type":"ListItem","position":2,"name":"Contact"}]},{"@type":"WebSite","@id":"https:\/\/lesnotesbleues.com\/#website","url":"https:\/\/lesnotesbleues.com\/","name":"Les Notes Bleues, cours de piano, \u00e0 Lesneven","description":"Cours de musique particuliers ou collectifs au pays des l\u00e9gendes.","publisher":{"@id":"https:\/\/lesnotesbleues.com\/#organization"},"potentialAction":[{"@type":"SearchAction","target":{"@type":"EntryPoint","urlTemplate":"https:\/\/lesnotesbleues.com\/?s={search_term_string}"},"query-input":{"@type":"PropertyValueSpecification","valueRequired":true,"valueName":"search_term_string"}}],"inLanguage":"fr-FR"},{"@type":"Organization","@id":"https:\/\/lesnotesbleues.com\/#organization","name":"Les Notes Bleues, cours de piano, \u00e0 Lesneven","url":"https:\/\/lesnotesbleues.com\/","logo":{"@type":"ImageObject","inLanguage":"fr-FR","@id":"https:\/\/lesnotesbleues.com\/#\/schema\/logo\/image\/","url":"https:\/\/lesnotesbleues.com\/wp-content\/uploads\/2018\/08\/cropped-cropped-les_notes_bleues_logo.jpg","contentUrl":"https:\/\/lesnotesbleues.com\/wp-content\/uploads\/2018\/08\/cropped-cropped-les_notes_bleues_logo.jpg","width":250,"height":250,"caption":"Les Notes Bleues, cours de piano, \u00e0 Lesneven"},"image":{"@id":"https:\/\/lesnotesbleues.com\/#\/schema\/logo\/image\/"}}]}},"_links":{"self":[{"href":"https:\/\/lesnotesbleues.com\/index.php\/wp-json\/wp\/v2\/pages\/2317","targetHints":{"allow":["GET"]}}],"collection":[{"href":"https:\/\/lesnotesbleues.com\/index.php\/wp-json\/wp\/v2\/pages"}],"about":[{"href":"https:\/\/lesnotesbleues.com\/index.php\/wp-json\/wp\/v2\/types\/page"}],"author":[{"embeddable":true,"href":"https:\/\/lesnotesbleues.com\/index.php\/wp-json\/wp\/v2\/users\/1"}],"replies":[{"embeddable":true,"href":"https:\/\/lesnotesbleues.com\/index.php\/wp-json\/wp\/v2\/comments?post=2317"}],"version-history":[{"count":23,"href":"https:\/\/lesnotesbleues.com\/index.php\/wp-json\/wp\/v2\/pages\/2317\/revisions"}],"predecessor-version":[{"id":3041,"href":"https:\/\/lesnotesbleues.com\/index.php\/wp-json\/wp\/v2\/pages\/2317\/revisions\/3041"}],"wp:attachment":[{"href":"https:\/\/lesnotesbleues.com\/index.php\/wp-json\/wp\/v2\/media?parent=2317"}],"curies":[{"name":"wp","href":"https:\/\/api.w.org\/{rel}","templated":true}]}}