{"id":3070,"date":"2022-03-13T17:47:55","date_gmt":"2022-03-13T16:47:55","guid":{"rendered":"https:\/\/lesnotesbleues.com\/?page_id=3070"},"modified":"2022-03-13T19:46:37","modified_gmt":"2022-03-13T18:46:37","slug":"utilisation-de-flat-io","status":"publish","type":"page","link":"https:\/\/lesnotesbleues.com\/index.php\/utilisation-de-flat-io\/","title":{"rendered":"Utilisation de Flat.io"},"content":{"rendered":"\t\t<div data-elementor-type=\"wp-page\" data-elementor-id=\"3070\" class=\"elementor elementor-3070\">\n\t\t\t\t\t\t<section class=\"elementor-section elementor-top-section elementor-element elementor-element-9a662bf elementor-section-boxed elementor-section-height-default elementor-section-height-default\" data-id=\"9a662bf\" data-element_type=\"section\" data-e-type=\"section\">\n\t\t\t\t\t\t<div class=\"elementor-container elementor-column-gap-default\">\n\t\t\t\t\t<div class=\"elementor-column elementor-col-100 elementor-top-column elementor-element elementor-element-c304674\" data-id=\"c304674\" data-element_type=\"column\" data-e-type=\"column\">\n\t\t\t<div class=\"elementor-widget-wrap elementor-element-populated\">\n\t\t\t\t\t\t<div class=\"elementor-element elementor-element-1d79453 elementor-widget elementor-widget-image\" data-id=\"1d79453\" data-element_type=\"widget\" data-e-type=\"widget\" data-widget_type=\"image.default\">\n\t\t\t\t<div class=\"elementor-widget-container\">\n\t\t\t\t\t\t\t\t\t\t\t\t\t\t\t\t<a href=\"https:\/\/flat.io\/score\/61eaf15cbd2e780012aa4688-la-p-tite-valse?sharingKey=bad58f3cd90cf8f11d9f4851d4fe1dc779b3af959469592184dfc3e270efa1d3442c7c660423f6b667c18e68196ea39f04245d68d09a682a3338109d02594281\" target=\"_blank\">\n\t\t\t\t\t\t\t<img fetchpriority=\"high\" decoding=\"async\" width=\"740\" height=\"451\" src=\"https:\/\/lesnotesbleues.com\/wp-content\/uploads\/2022\/03\/laPtitevalse.jpg\" class=\"attachment-large size-large wp-image-3073\" alt=\"Petite valse pour piano\" srcset=\"https:\/\/lesnotesbleues.com\/wp-content\/uploads\/2022\/03\/laPtitevalse.jpg 792w, https:\/\/lesnotesbleues.com\/wp-content\/uploads\/2022\/03\/laPtitevalse-300x183.jpg 300w, https:\/\/lesnotesbleues.com\/wp-content\/uploads\/2022\/03\/laPtitevalse-768x468.jpg 768w\" sizes=\"100vw\" \/>\t\t\t\t\t\t\t\t<\/a>\n\t\t\t\t\t\t\t\t\t\t\t\t\t\t\t<\/div>\n\t\t\t\t<\/div>\n\t\t\t\t\t<\/div>\n\t\t<\/div>\n\t\t\t\t\t<\/div>\n\t\t<\/section>\n\t\t\t\t<section class=\"elementor-section elementor-top-section elementor-element elementor-element-608183e elementor-section-boxed elementor-section-height-default elementor-section-height-default\" data-id=\"608183e\" data-element_type=\"section\" data-e-type=\"section\">\n\t\t\t\t\t\t<div class=\"elementor-container elementor-column-gap-default\">\n\t\t\t\t\t<div class=\"elementor-column elementor-col-100 elementor-top-column elementor-element elementor-element-8a9d9a2\" data-id=\"8a9d9a2\" data-element_type=\"column\" data-e-type=\"column\">\n\t\t\t<div class=\"elementor-widget-wrap elementor-element-populated\">\n\t\t\t\t\t\t<div class=\"elementor-element elementor-element-2e1f7d8 elementor-drop-cap-yes elementor-drop-cap-view-default elementor-widget elementor-widget-text-editor\" data-id=\"2e1f7d8\" data-element_type=\"widget\" data-e-type=\"widget\" data-settings=\"{&quot;drop_cap&quot;:&quot;yes&quot;}\" data-widget_type=\"text-editor.default\">\n\t\t\t\t<div class=\"elementor-widget-container\">\n\t\t\t\t\t\t\t\t\t<p><span style=\"color: #0000ff;\"><strong>Utilisation de la plateforme Flat.io<\/strong><\/span><br \/>Les liens indiqu\u00e9s ci-dessous ne fonctionnent pas sur l&rsquo;image ci-dessus, qui n&rsquo;est qu&rsquo;une copie de la page.<\/p><p>Exemple :<span style=\"color: #0000ff;\"><strong> La p&rsquo;tite valse<\/strong> <\/span>: Il suffit de cliquer sur<span style=\"color: #ff6600;\"><a style=\"color: #ff6600;\" href=\"https:\/\/flat.io\/score\/61eaf15cbd2e780012aa4688-la-p-tite-valse?sharingKey=bad58f3cd90cf8f11d9f4851d4fe1dc779b3af959469592184dfc3e270efa1d3442c7c660423f6b667c18e68196ea39f04245d68d09a682a3338109d02594281\" target=\"_blank\" rel=\"noopener\"> le lien de la partition<\/a><\/span><br \/>Cette action ouvre une page de votre navigateur<br \/>Si la page ne s&rsquo;ouvre pas, faire un clic droit sur le lien et s\u00e9lectionner \u00ab\u00a0copier l&rsquo;adresse du lien\u00a0\u00bb<br \/>Recoller l&rsquo;adresse dans votre navigateur.<\/p><p>Vous vous trouvez \u00e0 pr\u00e9sent sur la page de Flat o\u00f9 se trouve la partition.<br \/>Dans la colonne de gauche se trouve le lien pour la t\u00e9l\u00e9charger ou l\u2019imprimer.<br \/>Vous pouvez aussi \u00e9couter la partition, avec ou sans m\u00e9tronome.<br \/>Vous pouvez ralentir ou augmenter la vitesse selon votre choix.<br \/>Les 4 petites ic\u00f4nes plac\u00e9es \u00e0 droite du titre du morceau servent donc :<br \/>&#8211; A lancer la lecture<br \/>&#8211; A changer la vitesse de lecture<br \/>&#8211; A actionner le m\u00e9tronome<br \/>&#8211; A r\u00e9gler le volume sonore.<\/p><p>Les 4 ic\u00f4nes \u00e0 droites de la page servent de :<br \/>Zoom + ou -, <br \/>Format de la partition : mode horizontal ou mode page,<br \/>Plein \u00e9cran ( F11) sous windows (Cmd Ctrl F mac)<\/p>\t\t\t\t\t\t\t\t<\/div>\n\t\t\t\t<\/div>\n\t\t\t\t\t<\/div>\n\t\t<\/div>\n\t\t\t\t\t<\/div>\n\t\t<\/section>\n\t\t\t\t<section class=\"elementor-section elementor-top-section elementor-element elementor-element-a32ce35 elementor-section-boxed elementor-section-height-default elementor-section-height-default\" data-id=\"a32ce35\" data-element_type=\"section\" data-e-type=\"section\">\n\t\t\t\t\t\t<div class=\"elementor-container elementor-column-gap-default\">\n\t\t\t\t\t<div class=\"elementor-column elementor-col-100 elementor-top-column elementor-element elementor-element-f93ba69\" data-id=\"f93ba69\" data-element_type=\"column\" data-e-type=\"column\">\n\t\t\t<div class=\"elementor-widget-wrap elementor-element-populated\">\n\t\t\t\t\t\t<div class=\"elementor-element elementor-element-16d3ba9 elementor-widget elementor-widget-text-editor\" data-id=\"16d3ba9\" data-element_type=\"widget\" data-e-type=\"widget\" data-widget_type=\"text-editor.default\">\n\t\t\t\t<div class=\"elementor-widget-container\">\n\t\t\t\t\t\t\t\t\t<p>Tous les exercices et morceaux que je con\u00e7ois pour les cours, sont sur mon espace Flat. J&rsquo;ai utilis\u00e9 comme exemple : La P&rsquo;tite valse.<br \/><br \/><\/p>\t\t\t\t\t\t\t\t<\/div>\n\t\t\t\t<\/div>\n\t\t\t\t\t<\/div>\n\t\t<\/div>\n\t\t\t\t\t<\/div>\n\t\t<\/section>\n\t\t\t\t<\/div>\n\t\t","protected":false},"excerpt":{"rendered":"<p>Utilisation de la plateforme Flat.ioLes liens indiqu\u00e9s ci-dessous ne fonctionnent pas sur l&rsquo;image ci-dessus, qui n&rsquo;est qu&rsquo;une copie de la page. Exemple : La p&rsquo;tite valse : Il suffit de cliquer sur le lien de la partitionCette action ouvre une page de votre navigateurSi la page ne s&rsquo;ouvre pas, faire un clic droit sur le &hellip; <\/p>\n<p class=\"link-more\"><a href=\"https:\/\/lesnotesbleues.com\/index.php\/utilisation-de-flat-io\/\" class=\"more-link\">Continuer la lecture<span class=\"screen-reader-text\"> de &laquo;&nbsp;Utilisation de Flat.io&nbsp;&raquo;<\/span><\/a><\/p>\n","protected":false},"author":1,"featured_media":0,"parent":0,"menu_order":0,"comment_status":"closed","ping_status":"closed","template":"","meta":{"_crdt_document":"","footnotes":""},"class_list":["post-3070","page","type-page","status-publish","hentry"],"yoast_head":"<!-- This site is optimized with the Yoast SEO plugin v27.5 - https:\/\/yoast.com\/product\/yoast-seo-wordpress\/ -->\n<title>Utilisation de Flat.io - Les Notes Bleues, cours de piano, \u00e0 Lesneven<\/title>\n<meta name=\"robots\" content=\"index, follow, max-snippet:-1, max-image-preview:large, max-video-preview:-1\" \/>\n<link rel=\"canonical\" href=\"https:\/\/lesnotesbleues.com\/index.php\/utilisation-de-flat-io\/\" \/>\n<meta property=\"og:locale\" content=\"fr_FR\" \/>\n<meta property=\"og:type\" content=\"article\" \/>\n<meta property=\"og:title\" content=\"Utilisation de Flat.io - Les Notes Bleues, cours de piano, \u00e0 Lesneven\" \/>\n<meta property=\"og:description\" content=\"Utilisation de la plateforme Flat.ioLes liens indiqu\u00e9s ci-dessous ne fonctionnent pas sur l&rsquo;image ci-dessus, qui n&rsquo;est qu&rsquo;une copie de la page. Exemple : La p&rsquo;tite valse : Il suffit de cliquer sur le lien de la partitionCette action ouvre une page de votre navigateurSi la page ne s&rsquo;ouvre pas, faire un clic droit sur le &hellip; Continuer la lecture de &laquo;&nbsp;Utilisation de Flat.io&nbsp;&raquo;\" \/>\n<meta property=\"og:url\" content=\"https:\/\/lesnotesbleues.com\/index.php\/utilisation-de-flat-io\/\" \/>\n<meta property=\"og:site_name\" content=\"Les Notes Bleues, cours de piano, \u00e0 Lesneven\" \/>\n<meta property=\"article:modified_time\" content=\"2022-03-13T18:46:37+00:00\" \/>\n<meta property=\"og:image\" content=\"https:\/\/lesnotesbleues.com\/wp-content\/uploads\/2022\/03\/laPtitevalse.jpg\" \/>\n<meta name=\"twitter:card\" content=\"summary_large_image\" \/>\n<meta name=\"twitter:label1\" content=\"Dur\u00e9e de lecture estim\u00e9e\" \/>\n\t<meta name=\"twitter:data1\" content=\"2 minutes\" \/>\n<script type=\"application\/ld+json\" class=\"yoast-schema-graph\">{\"@context\":\"https:\\\/\\\/schema.org\",\"@graph\":[{\"@type\":\"WebPage\",\"@id\":\"https:\\\/\\\/lesnotesbleues.com\\\/index.php\\\/utilisation-de-flat-io\\\/\",\"url\":\"https:\\\/\\\/lesnotesbleues.com\\\/index.php\\\/utilisation-de-flat-io\\\/\",\"name\":\"Utilisation de Flat.io - Les Notes Bleues, cours de piano, \u00e0 Lesneven\",\"isPartOf\":{\"@id\":\"https:\\\/\\\/lesnotesbleues.com\\\/#website\"},\"primaryImageOfPage\":{\"@id\":\"https:\\\/\\\/lesnotesbleues.com\\\/index.php\\\/utilisation-de-flat-io\\\/#primaryimage\"},\"image\":{\"@id\":\"https:\\\/\\\/lesnotesbleues.com\\\/index.php\\\/utilisation-de-flat-io\\\/#primaryimage\"},\"thumbnailUrl\":\"https:\\\/\\\/lesnotesbleues.com\\\/wp-content\\\/uploads\\\/2022\\\/03\\\/laPtitevalse.jpg\",\"datePublished\":\"2022-03-13T16:47:55+00:00\",\"dateModified\":\"2022-03-13T18:46:37+00:00\",\"breadcrumb\":{\"@id\":\"https:\\\/\\\/lesnotesbleues.com\\\/index.php\\\/utilisation-de-flat-io\\\/#breadcrumb\"},\"inLanguage\":\"fr-FR\",\"potentialAction\":[{\"@type\":\"ReadAction\",\"target\":[\"https:\\\/\\\/lesnotesbleues.com\\\/index.php\\\/utilisation-de-flat-io\\\/\"]}]},{\"@type\":\"ImageObject\",\"inLanguage\":\"fr-FR\",\"@id\":\"https:\\\/\\\/lesnotesbleues.com\\\/index.php\\\/utilisation-de-flat-io\\\/#primaryimage\",\"url\":\"https:\\\/\\\/lesnotesbleues.com\\\/wp-content\\\/uploads\\\/2022\\\/03\\\/laPtitevalse.jpg\",\"contentUrl\":\"https:\\\/\\\/lesnotesbleues.com\\\/wp-content\\\/uploads\\\/2022\\\/03\\\/laPtitevalse.jpg\",\"width\":792,\"height\":483,\"caption\":\"Petite valse pour piano\"},{\"@type\":\"BreadcrumbList\",\"@id\":\"https:\\\/\\\/lesnotesbleues.com\\\/index.php\\\/utilisation-de-flat-io\\\/#breadcrumb\",\"itemListElement\":[{\"@type\":\"ListItem\",\"position\":1,\"name\":\"Accueil\",\"item\":\"https:\\\/\\\/lesnotesbleues.com\\\/\"},{\"@type\":\"ListItem\",\"position\":2,\"name\":\"Utilisation de Flat.io\"}]},{\"@type\":\"WebSite\",\"@id\":\"https:\\\/\\\/lesnotesbleues.com\\\/#website\",\"url\":\"https:\\\/\\\/lesnotesbleues.com\\\/\",\"name\":\"Les Notes Bleues, cours de piano, \u00e0 Lesneven\",\"description\":\"Cours de musique particuliers ou collectifs au pays des l\u00e9gendes.\",\"publisher\":{\"@id\":\"https:\\\/\\\/lesnotesbleues.com\\\/#organization\"},\"potentialAction\":[{\"@type\":\"SearchAction\",\"target\":{\"@type\":\"EntryPoint\",\"urlTemplate\":\"https:\\\/\\\/lesnotesbleues.com\\\/?s={search_term_string}\"},\"query-input\":{\"@type\":\"PropertyValueSpecification\",\"valueRequired\":true,\"valueName\":\"search_term_string\"}}],\"inLanguage\":\"fr-FR\"},{\"@type\":\"Organization\",\"@id\":\"https:\\\/\\\/lesnotesbleues.com\\\/#organization\",\"name\":\"Les Notes Bleues, cours de piano, \u00e0 Lesneven\",\"url\":\"https:\\\/\\\/lesnotesbleues.com\\\/\",\"logo\":{\"@type\":\"ImageObject\",\"inLanguage\":\"fr-FR\",\"@id\":\"https:\\\/\\\/lesnotesbleues.com\\\/#\\\/schema\\\/logo\\\/image\\\/\",\"url\":\"https:\\\/\\\/lesnotesbleues.com\\\/wp-content\\\/uploads\\\/2018\\\/08\\\/cropped-cropped-les_notes_bleues_logo.jpg\",\"contentUrl\":\"https:\\\/\\\/lesnotesbleues.com\\\/wp-content\\\/uploads\\\/2018\\\/08\\\/cropped-cropped-les_notes_bleues_logo.jpg\",\"width\":250,\"height\":250,\"caption\":\"Les Notes Bleues, cours de piano, \u00e0 Lesneven\"},\"image\":{\"@id\":\"https:\\\/\\\/lesnotesbleues.com\\\/#\\\/schema\\\/logo\\\/image\\\/\"}}]}<\/script>\n<!-- \/ Yoast SEO plugin. -->","yoast_head_json":{"title":"Utilisation de Flat.io - Les Notes Bleues, cours de piano, \u00e0 Lesneven","robots":{"index":"index","follow":"follow","max-snippet":"max-snippet:-1","max-image-preview":"max-image-preview:large","max-video-preview":"max-video-preview:-1"},"canonical":"https:\/\/lesnotesbleues.com\/index.php\/utilisation-de-flat-io\/","og_locale":"fr_FR","og_type":"article","og_title":"Utilisation de Flat.io - Les Notes Bleues, cours de piano, \u00e0 Lesneven","og_description":"Utilisation de la plateforme Flat.ioLes liens indiqu\u00e9s ci-dessous ne fonctionnent pas sur l&rsquo;image ci-dessus, qui n&rsquo;est qu&rsquo;une copie de la page. Exemple : La p&rsquo;tite valse : Il suffit de cliquer sur le lien de la partitionCette action ouvre une page de votre navigateurSi la page ne s&rsquo;ouvre pas, faire un clic droit sur le &hellip; Continuer la lecture de &laquo;&nbsp;Utilisation de Flat.io&nbsp;&raquo;","og_url":"https:\/\/lesnotesbleues.com\/index.php\/utilisation-de-flat-io\/","og_site_name":"Les Notes Bleues, cours de piano, \u00e0 Lesneven","article_modified_time":"2022-03-13T18:46:37+00:00","og_image":[{"url":"https:\/\/lesnotesbleues.com\/wp-content\/uploads\/2022\/03\/laPtitevalse.jpg","type":"","width":"","height":""}],"twitter_card":"summary_large_image","twitter_misc":{"Dur\u00e9e de lecture estim\u00e9e":"2 minutes"},"schema":{"@context":"https:\/\/schema.org","@graph":[{"@type":"WebPage","@id":"https:\/\/lesnotesbleues.com\/index.php\/utilisation-de-flat-io\/","url":"https:\/\/lesnotesbleues.com\/index.php\/utilisation-de-flat-io\/","name":"Utilisation de Flat.io - Les Notes Bleues, cours de piano, \u00e0 Lesneven","isPartOf":{"@id":"https:\/\/lesnotesbleues.com\/#website"},"primaryImageOfPage":{"@id":"https:\/\/lesnotesbleues.com\/index.php\/utilisation-de-flat-io\/#primaryimage"},"image":{"@id":"https:\/\/lesnotesbleues.com\/index.php\/utilisation-de-flat-io\/#primaryimage"},"thumbnailUrl":"https:\/\/lesnotesbleues.com\/wp-content\/uploads\/2022\/03\/laPtitevalse.jpg","datePublished":"2022-03-13T16:47:55+00:00","dateModified":"2022-03-13T18:46:37+00:00","breadcrumb":{"@id":"https:\/\/lesnotesbleues.com\/index.php\/utilisation-de-flat-io\/#breadcrumb"},"inLanguage":"fr-FR","potentialAction":[{"@type":"ReadAction","target":["https:\/\/lesnotesbleues.com\/index.php\/utilisation-de-flat-io\/"]}]},{"@type":"ImageObject","inLanguage":"fr-FR","@id":"https:\/\/lesnotesbleues.com\/index.php\/utilisation-de-flat-io\/#primaryimage","url":"https:\/\/lesnotesbleues.com\/wp-content\/uploads\/2022\/03\/laPtitevalse.jpg","contentUrl":"https:\/\/lesnotesbleues.com\/wp-content\/uploads\/2022\/03\/laPtitevalse.jpg","width":792,"height":483,"caption":"Petite valse pour piano"},{"@type":"BreadcrumbList","@id":"https:\/\/lesnotesbleues.com\/index.php\/utilisation-de-flat-io\/#breadcrumb","itemListElement":[{"@type":"ListItem","position":1,"name":"Accueil","item":"https:\/\/lesnotesbleues.com\/"},{"@type":"ListItem","position":2,"name":"Utilisation de Flat.io"}]},{"@type":"WebSite","@id":"https:\/\/lesnotesbleues.com\/#website","url":"https:\/\/lesnotesbleues.com\/","name":"Les Notes Bleues, cours de piano, \u00e0 Lesneven","description":"Cours de musique particuliers ou collectifs au pays des l\u00e9gendes.","publisher":{"@id":"https:\/\/lesnotesbleues.com\/#organization"},"potentialAction":[{"@type":"SearchAction","target":{"@type":"EntryPoint","urlTemplate":"https:\/\/lesnotesbleues.com\/?s={search_term_string}"},"query-input":{"@type":"PropertyValueSpecification","valueRequired":true,"valueName":"search_term_string"}}],"inLanguage":"fr-FR"},{"@type":"Organization","@id":"https:\/\/lesnotesbleues.com\/#organization","name":"Les Notes Bleues, cours de piano, \u00e0 Lesneven","url":"https:\/\/lesnotesbleues.com\/","logo":{"@type":"ImageObject","inLanguage":"fr-FR","@id":"https:\/\/lesnotesbleues.com\/#\/schema\/logo\/image\/","url":"https:\/\/lesnotesbleues.com\/wp-content\/uploads\/2018\/08\/cropped-cropped-les_notes_bleues_logo.jpg","contentUrl":"https:\/\/lesnotesbleues.com\/wp-content\/uploads\/2018\/08\/cropped-cropped-les_notes_bleues_logo.jpg","width":250,"height":250,"caption":"Les Notes Bleues, cours de piano, \u00e0 Lesneven"},"image":{"@id":"https:\/\/lesnotesbleues.com\/#\/schema\/logo\/image\/"}}]}},"_links":{"self":[{"href":"https:\/\/lesnotesbleues.com\/index.php\/wp-json\/wp\/v2\/pages\/3070","targetHints":{"allow":["GET"]}}],"collection":[{"href":"https:\/\/lesnotesbleues.com\/index.php\/wp-json\/wp\/v2\/pages"}],"about":[{"href":"https:\/\/lesnotesbleues.com\/index.php\/wp-json\/wp\/v2\/types\/page"}],"author":[{"embeddable":true,"href":"https:\/\/lesnotesbleues.com\/index.php\/wp-json\/wp\/v2\/users\/1"}],"replies":[{"embeddable":true,"href":"https:\/\/lesnotesbleues.com\/index.php\/wp-json\/wp\/v2\/comments?post=3070"}],"version-history":[{"count":28,"href":"https:\/\/lesnotesbleues.com\/index.php\/wp-json\/wp\/v2\/pages\/3070\/revisions"}],"predecessor-version":[{"id":3105,"href":"https:\/\/lesnotesbleues.com\/index.php\/wp-json\/wp\/v2\/pages\/3070\/revisions\/3105"}],"wp:attachment":[{"href":"https:\/\/lesnotesbleues.com\/index.php\/wp-json\/wp\/v2\/media?parent=3070"}],"curies":[{"name":"wp","href":"https:\/\/api.w.org\/{rel}","templated":true}]}}