{"id":4199,"date":"2023-01-24T15:32:15","date_gmt":"2023-01-24T14:32:15","guid":{"rendered":"https:\/\/lesnotesbleues.com\/?page_id=4199"},"modified":"2023-03-09T14:35:34","modified_gmt":"2023-03-09T13:35:34","slug":"petites-phrases-a-propos-de-la-musique","status":"publish","type":"page","link":"https:\/\/lesnotesbleues.com\/index.php\/petites-phrases-a-propos-de-la-musique\/","title":{"rendered":"Petites phrases \u00e0 propos de la musique"},"content":{"rendered":"\t\t<div data-elementor-type=\"wp-page\" data-elementor-id=\"4199\" class=\"elementor elementor-4199\">\n\t\t\t\t\t\t<section class=\"elementor-section elementor-top-section elementor-element elementor-element-8cd27db elementor-section-boxed elementor-section-height-default elementor-section-height-default\" data-id=\"8cd27db\" data-element_type=\"section\" data-e-type=\"section\">\n\t\t\t\t\t\t<div class=\"elementor-container elementor-column-gap-default\">\n\t\t\t\t\t<div class=\"elementor-column elementor-col-100 elementor-top-column elementor-element elementor-element-58bbf36\" data-id=\"58bbf36\" data-element_type=\"column\" data-e-type=\"column\">\n\t\t\t<div class=\"elementor-widget-wrap elementor-element-populated\">\n\t\t\t\t\t\t<div class=\"elementor-element elementor-element-e7f02d4 elementor-widget elementor-widget-html\" data-id=\"e7f02d4\" data-element_type=\"widget\" data-e-type=\"widget\" data-widget_type=\"html.default\">\n\t\t\t\t<div class=\"elementor-widget-container\">\n\t\t\t\t\t<html>\r\n\r\n<head>\r\n<meta http-equiv=\"content-type\" content=\"text\/html; charset=ISO-8859-1\">\r\n<title>Petites_phrases_gros_ impact<\/title>\r\n<meta name=\"generator\" content=\"Namo WebEditor\">\r\n<\/head>\r\n\r\n<body bgcolor=\"white\" text=\"black\" link=\"blue\" vlink=\"purple\" alink=\"red\">\r\n<table border=\"1\" width=\"100%\" bordercolor=\"#CFEEEE\" bgcolor=\"#CFEEEE\">\r\n    <tr>\r\n        <td width=\"1537\">\r\n            <p style=\"background-color:rgb(207,238,238);\" align=\"center\"><font face=\"Verdana\" color=\"#2030D1\"><span style=\"font-size:22pt;\">Quelques citations \u00e0 propos de la musique<\/span><\/font><\/p>\r\n            <p style=\"background-color:rgb(207,238,238);\" align=\"center\">&nbsp;<\/p>\r\n        <\/td>\r\n    <\/tr>\r\n    <tr>\r\n        <td width=\"1537\" bordercolorlight=\"#CFEEEE\" bordercolordark=\"white\">\r\n            <p><font face=\"Verdana\" color=\"#2030D1\">Aujourd'hui on peut faire de la musique avec des ordinateurs,<br>\r\nmais l'ordinateur a toujours exist\u00e9 dans la t\u00eate des compositeurs.<br>\r\nMilan Kundera , L'Art du roman. (1986)<\/font><\/p>\r\n            <p>&nbsp;<\/p>\r\n        <\/td>\r\n    <\/tr>\r\n    <tr>\r\n        <td width=\"1537\">\r\n            <p style=\"background-color:rgb(207,238,238);\"><font face=\"Verdana\" color=\"#2030D1\">La musique commence l\u00e0 o\u00f9 s'arr\u00eate le pouvoir des mots.<\/font><\/p>\r\n            <p style=\"background-color:rgb(207,238,238);\"><font face=\"Verdana\" color=\"#2030D1\"><br>\r\n(Richard Wagner)<\/font><font color=\"#2030D1\"><\/font><\/p>\r\n        <\/td>\r\n    <\/tr>\r\n    <tr>\r\n        <td width=\"1537\">\r\n            <p style=\"background-color:rgb(207,238,238);\"><font face=\"Verdana\" color=\"#2030D1\">La musique m\u00e9rite d'\u00eatre la seconde langue obligatoire de toutes les \u00e9coles du monde.<br>\r\n(Paul Carvel)<\/font><\/p>\r\n            <p style=\"background-color:rgb(207,238,238);\">&nbsp;<font color=\"#2030D1\"><\/font><\/p>\r\n        <\/td>\r\n    <\/tr>\r\n    <tr>\r\n        <td width=\"1537\">\r\n            <p style=\"background-color:rgb(207,238,238);\"><font face=\"Verdana\" color=\"#2030D1\">La musique est l'exercice math\u00e9matique d'un esprit qui ne sait pas qu'il compte.<br>\r\nLeibniz<\/font><\/p>\r\n            <p style=\"background-color:rgb(207,238,238);\">&nbsp;<font color=\"#2030D1\"><\/font><\/p>\r\n        <\/td>\r\n    <\/tr>\r\n    <tr>\r\n        <td width=\"1537\">\r\n            <p style=\"background-color:rgb(207,238,238);\"><font face=\"Verdana\" color=\"#2030D1\">Si vous vous mettez \u00e0 improviser, vous ne savez fort heureusement pas o\u00f9 vous allez vous retrouver \u00e0 chaque instant. Mais vous devez \u00eatre en mesure de conduire tout \u00e7a dans diff\u00e9rentes directions, et de l'\u00e9quilibrer, comme si vous jongliez. C'est \u00e7a qui est amusant, et pas de jouer vite pour impressionner la galerie, en sachant ce que vous allez jouer apr\u00e8s. Nous nous retrouvons parfois dans cette situation, mais en\r\nd\u00e9sespoir de cause car nous sommes \u00e0 court d'id\u00e9es. Mais \u00e7a, c'est les mauvais jours; faire cela de fa\u00e7on d\u00e9lib\u00e9r\u00e9e est, me semble-t-il, passer \u00e0 c\u00f4t\u00e9 de ce qui est v\u00e9ritablement l'improvisation.&nbsp;<br>\r\nImproviser, c'est composer sur une base solide, \u00e9couter, jongler et tourner en spirale avec et dans quelque chose dont vous ignorez l'existence. Vous en approchez mais \u00eates inconscients de ce que vous faites. Cela se passe ind\u00e9pendamment de vous; en tout cas, cela semble ainsi. Et c'est \u00e0 ce point pr\u00e9cis que j'aime jouer. Un morceau de jazz, du moins pour l'essentiel, doit \u00eatre, selon moi, une exp\u00e9rience nouvelle. Vous vous lancez, avec quelques poign\u00e9es... d'id\u00e9es, la forme d'ensemble de la musique... et faites\r\nun v\u0153u. C'est absolument risqu\u00e9! Vous pouvez en prendre plein la figure; vous pouvez en ressortir KO, mais... vous pouvez aussi d\u00e9passer les choses et d\u00e9couvrir des id\u00e9es dont vous ignoriez que vous les poss\u00e9diez... ce moment o\u00f9 les id\u00e9es sortent de vous sans que vous en ayez conscience, comme si vous n'\u00e9tiez qu'un spectateur. Vous essayez des choses que vous n'aviez pas os\u00e9es avant et, \u00e0 votre grande surprise, elles passent et vous incitent \u00e0 aller encore plus avant. Une fois que vous avez exp\u00e9riment\u00e9 cela,\r\nvous \u00eates mordu. C'est comme la drogue; c'est ce qui vous fait marcher. \u00c9tant bien entendu que cela ne se produit pas assez souvent, lorsque cela survient, on est largement pay\u00e9 de son attente. Mais apr\u00e8s tout, cela n'est-il pas l'essence m\u00eame du jazz?<br>\r\nJimmy Raney <\/font><\/p>\r\n            <p style=\"background-color:rgb(207,238,238);\">&nbsp;<font color=\"#2030D1\"><\/font><\/p>\r\n        <\/td>\r\n    <\/tr>\r\n    <tr>\r\n        <td width=\"1537\">\r\n            <p style=\"background-color:rgb(207,238,238);\"><font face=\"Verdana\" color=\"#2030D1\">L'amour de la musique m\u00e8ne toujours \u00e0 la musique de l'amour.<br>\r\n(Jacques Pr\u00e9vert)<\/font><\/p>\r\n            <p style=\"background-color:rgb(207,238,238);\">&nbsp;<font color=\"#2030D1\"><\/font><\/p>\r\n        <\/td>\r\n    <\/tr>\r\n    <tr>\r\n        <td width=\"1537\">\r\n            <p style=\"background-color:rgb(207,238,238);\"><font face=\"Verdana\" color=\"#2030D1\">Nous nous cachons dans la musique afin de nous d\u00e9voiler.<br>\r\n(Jim Morrison)<\/font><\/p>\r\n            <p style=\"background-color:rgb(207,238,238);\">&nbsp;<font color=\"#2030D1\"><\/font><\/p>\r\n        <\/td>\r\n    <\/tr>\r\n    <tr>\r\n        <td width=\"1537\">\r\n            <p style=\"background-color:rgb(207,238,238);\"><font face=\"Verdana\" color=\"#2030D1\">La v\u00e9ritable musique est le silence et toutes les notes ne font qu'encadre ce silence.<br>\r\n(Miles Davis)<\/font><\/p>\r\n            <p style=\"background-color:rgb(207,238,238);\">&nbsp;<font color=\"#2030D1\"><\/font><\/p>\r\n        <\/td>\r\n    <\/tr>\r\n    <tr>\r\n        <td width=\"1537\">\r\n            <p style=\"background-color:rgb(207,238,238);\"><font face=\"Verdana\" color=\"#2030D1\">Il y a deux moyens d'oublier les tracas de la vie : La musique et les chats<br>\r\n(Albert Schweitzer)<\/font><\/p>\r\n            <p style=\"background-color:rgb(207,238,238);\">&nbsp;<font color=\"#2030D1\"><\/font><\/p>\r\n        <\/td>\r\n    <\/tr>\r\n    <tr>\r\n        <td width=\"1537\">\r\n            <p style=\"background-color:rgb(207,238,238);\"><font face=\"Verdana\" color=\"#2030D1\">Si on veut connaitre un peuple, il faut \u00e9couter sa musique<br>\r\n(Platon)<\/font><\/p>\r\n            <p style=\"background-color:rgb(207,238,238);\">&nbsp;<font color=\"#2030D1\"><\/font><\/p>\r\n        <\/td>\r\n    <\/tr>\r\n    <tr>\r\n        <td width=\"1537\">\r\n            <p style=\"background-color:rgb(207,238,238);\"><font face=\"Verdana\" color=\"#2030D1\">La vie sans musique est simplement une erreur, une fatigue, un exil.<br>\r\n(Nietzsche)<\/font><\/p>\r\n            <p style=\"background-color:rgb(207,238,238);\">&nbsp;<font color=\"#2030D1\"><\/font><\/p>\r\n        <\/td>\r\n    <\/tr>\r\n    <tr>\r\n        <td width=\"1537\">\r\n            <p style=\"background-color:rgb(207,238,238);\"><font face=\"Verdana\" color=\"#2030D1\">Ceux qui aiment marcher en rang sur une musique : ce ne peut \u00eatre que par erreur qu'ils ont re\u00e7u un cerveau, une moelle \u00e9pini\u00e8re leur suffirait amplement<br>\r\n(Albert Einstein)<\/font><\/p>\r\n            <p style=\"background-color:rgb(207,238,238);\">&nbsp;<font color=\"#2030D1\"><\/font><\/p>\r\n        <\/td>\r\n    <\/tr>\r\n    <tr>\r\n        <td width=\"1537\">\r\n            <p style=\"background-color:rgb(207,238,238);\"><font face=\"Verdana\" color=\"#2030D1\">C'est la musique et la danse qui me mettent en paix avec le monde.<br>\r\n(Nelson Mandela)<\/font><font color=\"#2030D1\"><\/font><\/p>\r\n        <\/td>\r\n    <\/tr>\r\n    <tr>\r\n        <td width=\"1537\">\r\n            <p style=\"background-color:rgb(207,238,238);\"><font color=\"#2030D1\">&nbsp;<\/font><\/p>\r\n        <\/td>\r\n    <\/tr>\r\n    <tr>\r\n        <td width=\"1537\">\r\n            <p style=\"background-color:rgb(207,238,238);\"><font color=\"#2030D1\">&nbsp;<\/font><\/p>\r\n        <\/td>\r\n    <\/tr>\r\n    <tr>\r\n        <td width=\"1537\">\r\n            <p style=\"background-color:rgb(207,238,238);\"><font color=\"#2030D1\">&nbsp;<\/font><\/p>\r\n        <\/td>\r\n    <\/tr>\r\n    <tr>\r\n        <td width=\"1537\">\r\n            <p style=\"background-color:rgb(207,238,238);\"><font color=\"#2030D1\">&nbsp;<\/font><\/p>\r\n        <\/td>\r\n    <\/tr>\r\n    <tr>\r\n        <td width=\"1537\">\r\n            <p style=\"background-color:rgb(207,238,238);\"><font color=\"#2030D1\">&nbsp;<\/font><\/p>\r\n        <\/td>\r\n    <\/tr>\r\n    <tr>\r\n        <td width=\"1537\">\r\n            <p style=\"background-color:rgb(207,238,238);\"><font color=\"#2030D1\">&nbsp;<\/font><\/p>\r\n        <\/td>\r\n    <\/tr>\r\n    <tr>\r\n        <td width=\"1537\">\r\n            <p style=\"background-color:rgb(207,238,238);\"><font color=\"#2030D1\">&nbsp;<\/font><\/p>\r\n        <\/td>\r\n    <\/tr>\r\n    <tr>\r\n        <td width=\"1537\">\r\n            <p style=\"background-color:rgb(207,238,238);\"><font color=\"#2030D1\">&nbsp;<\/font><\/p>\r\n        <\/td>\r\n    <\/tr>\r\n    <tr>\r\n        <td width=\"1537\">\r\n            <p style=\"background-color:rgb(207,238,238);\"><font color=\"#2030D1\">&nbsp;<\/font><\/p>\r\n        <\/td>\r\n    <\/tr>\r\n    <tr>\r\n        <td width=\"1537\">\r\n            <p style=\"background-color:rgb(207,238,238);\"><font color=\"#2030D1\">&nbsp;<\/font><\/p>\r\n        <\/td>\r\n    <\/tr>\r\n<\/table>\r\n<p style=\"background-color:rgb(207,238,238);\">&nbsp;<\/p>\r\n<\/body>\r\n\r\n<\/html>\t\t\t\t<\/div>\n\t\t\t\t<\/div>\n\t\t\t\t\t<\/div>\n\t\t<\/div>\n\t\t\t\t\t<\/div>\n\t\t<\/section>\n\t\t\t\t<\/div>\n\t\t","protected":false},"excerpt":{"rendered":"<p>Petites_phrases_gros_ impact Quelques citations \u00e0 propos de la musique &nbsp; Aujourd&rsquo;hui on peut faire de la musique avec des ordinateurs, mais l&rsquo;ordinateur a toujours exist\u00e9 dans la t\u00eate des compositeurs. Milan Kundera , L&rsquo;Art du roman. (1986) &nbsp; La musique commence l\u00e0 o\u00f9 s&rsquo;arr\u00eate le pouvoir des mots. (Richard Wagner) La musique m\u00e9rite d&rsquo;\u00eatre la &hellip; <\/p>\n<p class=\"link-more\"><a href=\"https:\/\/lesnotesbleues.com\/index.php\/petites-phrases-a-propos-de-la-musique\/\" class=\"more-link\">Continuer la lecture<span class=\"screen-reader-text\"> de &laquo;&nbsp;Petites phrases \u00e0 propos de la musique&nbsp;&raquo;<\/span><\/a><\/p>\n","protected":false},"author":1,"featured_media":0,"parent":0,"menu_order":0,"comment_status":"closed","ping_status":"closed","template":"","meta":{"_crdt_document":"","footnotes":""},"class_list":["post-4199","page","type-page","status-publish","hentry"],"yoast_head":"<!-- This site is optimized with the Yoast SEO plugin v27.3 - https:\/\/yoast.com\/product\/yoast-seo-wordpress\/ -->\n<title>Petites phrases \u00e0 propos de la musique - Les Notes Bleues, cours de piano, \u00e0 Lesneven<\/title>\n<meta name=\"robots\" content=\"index, follow, max-snippet:-1, max-image-preview:large, max-video-preview:-1\" \/>\n<link rel=\"canonical\" href=\"https:\/\/lesnotesbleues.com\/index.php\/petites-phrases-a-propos-de-la-musique\/\" \/>\n<meta property=\"og:locale\" content=\"fr_FR\" \/>\n<meta property=\"og:type\" content=\"article\" \/>\n<meta property=\"og:title\" content=\"Petites phrases \u00e0 propos de la musique - Les Notes Bleues, cours de piano, \u00e0 Lesneven\" \/>\n<meta property=\"og:description\" content=\"Petites_phrases_gros_ impact Quelques citations \u00e0 propos de la musique &nbsp; Aujourd&rsquo;hui on peut faire de la musique avec des ordinateurs, mais l&rsquo;ordinateur a toujours exist\u00e9 dans la t\u00eate des compositeurs. Milan Kundera , L&rsquo;Art du roman. (1986) &nbsp; La musique commence l\u00e0 o\u00f9 s&rsquo;arr\u00eate le pouvoir des mots. (Richard Wagner) La musique m\u00e9rite d&rsquo;\u00eatre la &hellip; Continuer la lecture de &laquo;&nbsp;Petites phrases \u00e0 propos de la musique&nbsp;&raquo;\" \/>\n<meta property=\"og:url\" content=\"https:\/\/lesnotesbleues.com\/index.php\/petites-phrases-a-propos-de-la-musique\/\" \/>\n<meta property=\"og:site_name\" content=\"Les Notes Bleues, cours de piano, \u00e0 Lesneven\" \/>\n<meta property=\"article:modified_time\" content=\"2023-03-09T13:35:34+00:00\" \/>\n<meta name=\"twitter:card\" content=\"summary_large_image\" \/>\n<meta name=\"twitter:label1\" content=\"Dur\u00e9e de lecture estim\u00e9e\" \/>\n\t<meta name=\"twitter:data1\" content=\"3 minutes\" \/>\n<script type=\"application\/ld+json\" class=\"yoast-schema-graph\">{\"@context\":\"https:\\\/\\\/schema.org\",\"@graph\":[{\"@type\":\"WebPage\",\"@id\":\"https:\\\/\\\/lesnotesbleues.com\\\/index.php\\\/petites-phrases-a-propos-de-la-musique\\\/\",\"url\":\"https:\\\/\\\/lesnotesbleues.com\\\/index.php\\\/petites-phrases-a-propos-de-la-musique\\\/\",\"name\":\"Petites phrases \u00e0 propos de la musique - Les Notes Bleues, cours de piano, \u00e0 Lesneven\",\"isPartOf\":{\"@id\":\"https:\\\/\\\/lesnotesbleues.com\\\/#website\"},\"datePublished\":\"2023-01-24T14:32:15+00:00\",\"dateModified\":\"2023-03-09T13:35:34+00:00\",\"breadcrumb\":{\"@id\":\"https:\\\/\\\/lesnotesbleues.com\\\/index.php\\\/petites-phrases-a-propos-de-la-musique\\\/#breadcrumb\"},\"inLanguage\":\"fr-FR\",\"potentialAction\":[{\"@type\":\"ReadAction\",\"target\":[\"https:\\\/\\\/lesnotesbleues.com\\\/index.php\\\/petites-phrases-a-propos-de-la-musique\\\/\"]}]},{\"@type\":\"BreadcrumbList\",\"@id\":\"https:\\\/\\\/lesnotesbleues.com\\\/index.php\\\/petites-phrases-a-propos-de-la-musique\\\/#breadcrumb\",\"itemListElement\":[{\"@type\":\"ListItem\",\"position\":1,\"name\":\"Accueil\",\"item\":\"https:\\\/\\\/lesnotesbleues.com\\\/\"},{\"@type\":\"ListItem\",\"position\":2,\"name\":\"Petites phrases \u00e0 propos de la musique\"}]},{\"@type\":\"WebSite\",\"@id\":\"https:\\\/\\\/lesnotesbleues.com\\\/#website\",\"url\":\"https:\\\/\\\/lesnotesbleues.com\\\/\",\"name\":\"Les Notes Bleues, cours de piano, \u00e0 Lesneven\",\"description\":\"Cours de musique particuliers ou collectifs au pays des l\u00e9gendes.\",\"potentialAction\":[{\"@type\":\"SearchAction\",\"target\":{\"@type\":\"EntryPoint\",\"urlTemplate\":\"https:\\\/\\\/lesnotesbleues.com\\\/?s={search_term_string}\"},\"query-input\":{\"@type\":\"PropertyValueSpecification\",\"valueRequired\":true,\"valueName\":\"search_term_string\"}}],\"inLanguage\":\"fr-FR\"}]}<\/script>\n<!-- \/ Yoast SEO plugin. -->","yoast_head_json":{"title":"Petites phrases \u00e0 propos de la musique - Les Notes Bleues, cours de piano, \u00e0 Lesneven","robots":{"index":"index","follow":"follow","max-snippet":"max-snippet:-1","max-image-preview":"max-image-preview:large","max-video-preview":"max-video-preview:-1"},"canonical":"https:\/\/lesnotesbleues.com\/index.php\/petites-phrases-a-propos-de-la-musique\/","og_locale":"fr_FR","og_type":"article","og_title":"Petites phrases \u00e0 propos de la musique - Les Notes Bleues, cours de piano, \u00e0 Lesneven","og_description":"Petites_phrases_gros_ impact Quelques citations \u00e0 propos de la musique &nbsp; Aujourd&rsquo;hui on peut faire de la musique avec des ordinateurs, mais l&rsquo;ordinateur a toujours exist\u00e9 dans la t\u00eate des compositeurs. Milan Kundera , L&rsquo;Art du roman. (1986) &nbsp; La musique commence l\u00e0 o\u00f9 s&rsquo;arr\u00eate le pouvoir des mots. (Richard Wagner) La musique m\u00e9rite d&rsquo;\u00eatre la &hellip; Continuer la lecture de &laquo;&nbsp;Petites phrases \u00e0 propos de la musique&nbsp;&raquo;","og_url":"https:\/\/lesnotesbleues.com\/index.php\/petites-phrases-a-propos-de-la-musique\/","og_site_name":"Les Notes Bleues, cours de piano, \u00e0 Lesneven","article_modified_time":"2023-03-09T13:35:34+00:00","twitter_card":"summary_large_image","twitter_misc":{"Dur\u00e9e de lecture estim\u00e9e":"3 minutes"},"schema":{"@context":"https:\/\/schema.org","@graph":[{"@type":"WebPage","@id":"https:\/\/lesnotesbleues.com\/index.php\/petites-phrases-a-propos-de-la-musique\/","url":"https:\/\/lesnotesbleues.com\/index.php\/petites-phrases-a-propos-de-la-musique\/","name":"Petites phrases \u00e0 propos de la musique - Les Notes Bleues, cours de piano, \u00e0 Lesneven","isPartOf":{"@id":"https:\/\/lesnotesbleues.com\/#website"},"datePublished":"2023-01-24T14:32:15+00:00","dateModified":"2023-03-09T13:35:34+00:00","breadcrumb":{"@id":"https:\/\/lesnotesbleues.com\/index.php\/petites-phrases-a-propos-de-la-musique\/#breadcrumb"},"inLanguage":"fr-FR","potentialAction":[{"@type":"ReadAction","target":["https:\/\/lesnotesbleues.com\/index.php\/petites-phrases-a-propos-de-la-musique\/"]}]},{"@type":"BreadcrumbList","@id":"https:\/\/lesnotesbleues.com\/index.php\/petites-phrases-a-propos-de-la-musique\/#breadcrumb","itemListElement":[{"@type":"ListItem","position":1,"name":"Accueil","item":"https:\/\/lesnotesbleues.com\/"},{"@type":"ListItem","position":2,"name":"Petites phrases \u00e0 propos de la musique"}]},{"@type":"WebSite","@id":"https:\/\/lesnotesbleues.com\/#website","url":"https:\/\/lesnotesbleues.com\/","name":"Les Notes Bleues, cours de piano, \u00e0 Lesneven","description":"Cours de musique particuliers ou collectifs au pays des l\u00e9gendes.","potentialAction":[{"@type":"SearchAction","target":{"@type":"EntryPoint","urlTemplate":"https:\/\/lesnotesbleues.com\/?s={search_term_string}"},"query-input":{"@type":"PropertyValueSpecification","valueRequired":true,"valueName":"search_term_string"}}],"inLanguage":"fr-FR"}]}},"_links":{"self":[{"href":"https:\/\/lesnotesbleues.com\/index.php\/wp-json\/wp\/v2\/pages\/4199","targetHints":{"allow":["GET"]}}],"collection":[{"href":"https:\/\/lesnotesbleues.com\/index.php\/wp-json\/wp\/v2\/pages"}],"about":[{"href":"https:\/\/lesnotesbleues.com\/index.php\/wp-json\/wp\/v2\/types\/page"}],"author":[{"embeddable":true,"href":"https:\/\/lesnotesbleues.com\/index.php\/wp-json\/wp\/v2\/users\/1"}],"replies":[{"embeddable":true,"href":"https:\/\/lesnotesbleues.com\/index.php\/wp-json\/wp\/v2\/comments?post=4199"}],"version-history":[{"count":14,"href":"https:\/\/lesnotesbleues.com\/index.php\/wp-json\/wp\/v2\/pages\/4199\/revisions"}],"predecessor-version":[{"id":4233,"href":"https:\/\/lesnotesbleues.com\/index.php\/wp-json\/wp\/v2\/pages\/4199\/revisions\/4233"}],"wp:attachment":[{"href":"https:\/\/lesnotesbleues.com\/index.php\/wp-json\/wp\/v2\/media?parent=4199"}],"curies":[{"name":"wp","href":"https:\/\/api.w.org\/{rel}","templated":true}]}}