{"id":6,"date":"2018-08-02T15:51:50","date_gmt":"2018-08-02T13:51:50","guid":{"rendered":"http:\/\/lesnotesbleues.com\/?page_id=6"},"modified":"2026-01-09T17:58:13","modified_gmt":"2026-01-09T16:58:13","slug":"cours-de-piano","status":"publish","type":"page","link":"https:\/\/lesnotesbleues.com\/","title":{"rendered":"Accueil"},"content":{"rendered":"\t\t<div data-elementor-type=\"wp-post\" data-elementor-id=\"6\" class=\"elementor elementor-6\">\n\t\t\t\t\t\t<section class=\"elementor-section elementor-top-section elementor-element elementor-element-93cd3fe elementor-section-boxed elementor-section-height-default elementor-section-height-default\" data-id=\"93cd3fe\" data-element_type=\"section\" data-e-type=\"section\">\n\t\t\t\t\t\t<div class=\"elementor-container elementor-column-gap-default\">\n\t\t\t\t\t<div class=\"elementor-column elementor-col-33 elementor-top-column elementor-element elementor-element-f4e1e58\" data-id=\"f4e1e58\" data-element_type=\"column\" data-e-type=\"column\">\n\t\t\t<div class=\"elementor-widget-wrap elementor-element-populated\">\n\t\t\t\t\t\t<div class=\"elementor-element elementor-element-fe54b16 elementor-widget elementor-widget-image\" data-id=\"fe54b16\" data-element_type=\"widget\" data-e-type=\"widget\" data-widget_type=\"image.default\">\n\t\t\t\t<div class=\"elementor-widget-container\">\n\t\t\t\t\t\t\t\t\t\t\t\t\t\t\t<img fetchpriority=\"high\" decoding=\"async\" width=\"452\" height=\"512\" src=\"https:\/\/lesnotesbleues.com\/wp-content\/uploads\/2018\/08\/les_notes_bleues_logo.jpg\" class=\"attachment-medium_large size-medium_large wp-image-55\" alt=\"\" srcset=\"https:\/\/lesnotesbleues.com\/wp-content\/uploads\/2018\/08\/les_notes_bleues_logo.jpg 452w, https:\/\/lesnotesbleues.com\/wp-content\/uploads\/2018\/08\/les_notes_bleues_logo-265x300.jpg 265w\" sizes=\"100vw\" \/>\t\t\t\t\t\t\t\t\t\t\t\t\t\t\t<\/div>\n\t\t\t\t<\/div>\n\t\t\t\t\t<\/div>\n\t\t<\/div>\n\t\t\t\t<div class=\"elementor-column elementor-col-66 elementor-top-column elementor-element elementor-element-561e19a\" data-id=\"561e19a\" data-element_type=\"column\" data-e-type=\"column\">\n\t\t\t<div class=\"elementor-widget-wrap elementor-element-populated\">\n\t\t\t\t\t\t<div class=\"elementor-element elementor-element-a9663b7 elementor-invisible elementor-widget elementor-widget-heading\" data-id=\"a9663b7\" data-element_type=\"widget\" data-e-type=\"widget\" data-settings=\"{&quot;_animation&quot;:&quot;shake&quot;}\" data-widget_type=\"heading.default\">\n\t\t\t\t<div class=\"elementor-widget-container\">\n\t\t\t\t\t<h2 class=\"elementor-heading-title elementor-size-large\">Lesnotesbleues.com<\/h2>\t\t\t\t<\/div>\n\t\t\t\t<\/div>\n\t\t\t\t<div class=\"elementor-element elementor-element-53db1d5 elementor-widget elementor-widget-text-editor\" data-id=\"53db1d5\" data-element_type=\"widget\" data-e-type=\"widget\" data-widget_type=\"text-editor.default\">\n\t\t\t\t<div class=\"elementor-widget-container\">\n\t\t\t\t\t\t\t\t\t<p style=\"text-align: left;\"><span style=\"font-size: 1rem; color: #333399;\">\u00ab\u00a0Les notes bleues\u00a0\u00bb c\u2019est d\u2019abord une passion, \u00e0 transmettre, la Musique, qu&rsquo;elle soit Classique, J<\/span><span style=\"color: #333399; font-size: 1rem;\">azz, Blues, Rock, Musique dite de vari\u00e9t\u00e9.<br \/><\/span><\/p><p style=\"text-align: left;\"><span style=\"color: #333399;\">Cours <span style=\"color: #333399; font-size: 1rem;\">particuliers<\/span> donn\u00e9s \u00e0 Plouider ou \u00e0 votre domicile.<br \/><\/span><span style=\"color: #333399; font-size: 1rem; font-family: var( --e-global-typography-text-font-family ), Sans-serif; font-weight: var( --e-global-typography-text-font-weight );\">Initiation et perfectionnement\u00a0\u00a0au solf\u00e8ge. \u00e0 l&rsquo;harmonie et \u00e0 l&rsquo;improvisation,<\/span><span style=\"color: #333399;\"><br \/><\/span><\/p><p style=\"text-align: left;\">\u00a0<\/p>\t\t\t\t\t\t\t\t<\/div>\n\t\t\t\t<\/div>\n\t\t\t\t\t<\/div>\n\t\t<\/div>\n\t\t\t\t\t<\/div>\n\t\t<\/section>\n\t\t\t\t<section class=\"elementor-section elementor-top-section elementor-element elementor-element-de65f2d elementor-section-boxed elementor-section-height-default elementor-section-height-default\" data-id=\"de65f2d\" data-element_type=\"section\" data-e-type=\"section\">\n\t\t\t\t\t\t<div class=\"elementor-container elementor-column-gap-default\">\n\t\t\t\t\t<div class=\"elementor-column elementor-col-100 elementor-top-column elementor-element elementor-element-784844f\" data-id=\"784844f\" data-element_type=\"column\" data-e-type=\"column\">\n\t\t\t<div class=\"elementor-widget-wrap elementor-element-populated\">\n\t\t\t\t\t\t<div class=\"elementor-element elementor-element-fa1054b elementor-widget elementor-widget-text-editor\" data-id=\"fa1054b\" data-element_type=\"widget\" data-e-type=\"widget\" data-widget_type=\"text-editor.default\">\n\t\t\t\t<div class=\"elementor-widget-container\">\n\t\t\t\t\t\t\t\t\t<p><span style=\"color: #000080;\">Les instruments enseign\u00e9s : <\/span><span style=\"color: #000080;\">Piano,\u00a0<br \/>Dans le cadre de l&rsquo;apprentissage j&rsquo;utilise le site \u00ab\u00a0<a style=\"color: #000080;\" href=\"http:\/\/Flat.io\" target=\"_blank\" rel=\"noopener\">Flat.io<\/a>\u00ab\u00a0. Les \u00e9l\u00e8ves peuvent ainsi \u00e9couter les exercices jou\u00e9s par leur instrument tout en suivant la partition<a style=\"color: #000080;\" href=\"https:\/\/flat.io\/score\/60a36a58e98ee590622cada0-noires-pointees-rythme-n-6-complete?sharingKey=bdc485837a2d917004b2e06434d37ecf82d521a06d28b81d343e2f6b2986ec482065df2ef1abf8ffd30094411d3b1b698dc32898c921245d8792a2b150070678\" target=\"_blank\" rel=\"noopener\">.(exemple d&rsquo;exercice sur noires point\u00e9es)\u00a0<\/a><\/span><\/p><p><span style=\"color: #000080;\">Pour celles et ceux pour qui certains aspects du\u00a0 solf\u00e8ge pourraient sembler r\u00e9barbatifs, il est possible d&rsquo;adapter une m\u00e9thode qui l&rsquo;introduit peu \u00e0 peu \u00e0 dose \u00ab\u00a0hom\u00e9opathique\u00a0\u00bb au fur et \u00e0 mesure des progr\u00e8s r\u00e9alis\u00e9s sur l&rsquo;instrument.<br \/><\/span><span style=\"color: #000080;\">Enfants &#8212;Adultes\u00a0<\/span><\/p>\t\t\t\t\t\t\t\t<\/div>\n\t\t\t\t<\/div>\n\t\t\t\t\t<\/div>\n\t\t<\/div>\n\t\t\t\t\t<\/div>\n\t\t<\/section>\n\t\t\t\t<section class=\"elementor-section elementor-top-section elementor-element elementor-element-3849a0f elementor-section-boxed elementor-section-height-default elementor-section-height-default\" data-id=\"3849a0f\" data-element_type=\"section\" data-e-type=\"section\">\n\t\t\t\t\t\t<div class=\"elementor-container elementor-column-gap-default\">\n\t\t\t\t\t<div class=\"elementor-column elementor-col-33 elementor-top-column elementor-element elementor-element-ea76ed6\" data-id=\"ea76ed6\" data-element_type=\"column\" data-e-type=\"column\">\n\t\t\t<div class=\"elementor-widget-wrap elementor-element-populated\">\n\t\t\t\t\t\t<div class=\"elementor-element elementor-element-6f728c4 elementor-widget elementor-widget-image\" data-id=\"6f728c4\" data-element_type=\"widget\" data-e-type=\"widget\" data-widget_type=\"image.default\">\n\t\t\t\t<div class=\"elementor-widget-container\">\n\t\t\t\t\t\t\t\t\t\t\t\t\t\t\t<img decoding=\"async\" width=\"192\" height=\"201\" src=\"https:\/\/lesnotesbleues.com\/wp-content\/uploads\/2021\/12\/nouveau-boule-rouge-1.png\" class=\"attachment-large size-large wp-image-2791\" alt=\"Les nouveaut\u00e9s du mois\" sizes=\"100vw\" \/>\t\t\t\t\t\t\t\t\t\t\t\t\t\t\t<\/div>\n\t\t\t\t<\/div>\n\t\t\t\t\t<\/div>\n\t\t<\/div>\n\t\t\t\t<div class=\"elementor-column elementor-col-66 elementor-top-column elementor-element elementor-element-44e4552\" data-id=\"44e4552\" data-element_type=\"column\" data-e-type=\"column\">\n\t\t\t<div class=\"elementor-widget-wrap elementor-element-populated\">\n\t\t\t\t\t\t\t<\/div>\n\t\t<\/div>\n\t\t\t\t\t<\/div>\n\t\t<\/section>\n\t\t\t\t<\/div>\n\t\t","protected":false},"excerpt":{"rendered":"<p>Lesnotesbleues.com \u00ab\u00a0Les notes bleues\u00a0\u00bb c\u2019est d\u2019abord une passion, \u00e0 transmettre, la Musique, qu&rsquo;elle soit Classique, Jazz, Blues, Rock, Musique dite de vari\u00e9t\u00e9. Cours particuliers donn\u00e9s \u00e0 Plouider ou \u00e0 votre domicile.Initiation et perfectionnement\u00a0\u00a0au solf\u00e8ge. \u00e0 l&rsquo;harmonie et \u00e0 l&rsquo;improvisation, \u00a0 Les instruments enseign\u00e9s : Piano,\u00a0Dans le cadre de l&rsquo;apprentissage j&rsquo;utilise le site \u00ab\u00a0Flat.io\u00ab\u00a0. Les \u00e9l\u00e8ves &hellip; <\/p>\n<p class=\"link-more\"><a href=\"https:\/\/lesnotesbleues.com\/\" class=\"more-link\">Continuer la lecture<span class=\"screen-reader-text\"> de &laquo;&nbsp;Accueil&nbsp;&raquo;<\/span><\/a><\/p>\n","protected":false},"author":1,"featured_media":584,"parent":0,"menu_order":0,"comment_status":"closed","ping_status":"closed","template":"","meta":{"_crdt_document":"","footnotes":""},"class_list":["post-6","page","type-page","status-publish","has-post-thumbnail","hentry"],"yoast_head":"<!-- This site is optimized with the Yoast SEO plugin v27.5 - https:\/\/yoast.com\/product\/yoast-seo-wordpress\/ -->\n<title>Cours de piano moderne, guitare, trompette.Accueil - Les Notes Bleues, cours de piano, \u00e0 Lesneven<\/title>\n<meta name=\"description\" content=\"Cours de piano , Musiques vari\u00e9es. Cours particuliers. Approche classique pour les jeunes enfants, plus moderne pour les adultes et le perfectionnement.\" \/>\n<meta name=\"robots\" content=\"index, follow, max-snippet:-1, max-image-preview:large, max-video-preview:-1\" \/>\n<link rel=\"canonical\" href=\"https:\/\/lesnotesbleues.com\/\" \/>\n<meta property=\"og:locale\" content=\"fr_FR\" \/>\n<meta property=\"og:type\" content=\"article\" \/>\n<meta property=\"og:title\" content=\"Cours de piano moderne, guitare, trompette.Accueil - Les Notes Bleues, cours de piano, \u00e0 Lesneven\" \/>\n<meta property=\"og:description\" content=\"Cours de piano , Musiques vari\u00e9es. Cours particuliers. Approche classique pour les jeunes enfants, plus moderne pour les adultes et le perfectionnement.\" \/>\n<meta property=\"og:url\" content=\"https:\/\/lesnotesbleues.com\/\" \/>\n<meta property=\"og:site_name\" content=\"Les Notes Bleues, cours de piano, \u00e0 Lesneven\" \/>\n<meta property=\"article:modified_time\" content=\"2026-01-09T16:58:13+00:00\" \/>\n<meta property=\"og:image\" content=\"https:\/\/lesnotesbleues.com\/wp-content\/uploads\/2019\/05\/piano-2611382_1920.jpg\" \/>\n\t<meta property=\"og:image:width\" content=\"1920\" \/>\n\t<meta property=\"og:image:height\" content=\"1080\" \/>\n\t<meta property=\"og:image:type\" content=\"image\/jpeg\" \/>\n<meta name=\"twitter:card\" content=\"summary_large_image\" \/>\n<meta name=\"twitter:label1\" content=\"Dur\u00e9e de lecture estim\u00e9e\" \/>\n\t<meta name=\"twitter:data1\" content=\"1 minute\" \/>\n<script type=\"application\/ld+json\" class=\"yoast-schema-graph\">{\"@context\":\"https:\\\/\\\/schema.org\",\"@graph\":[{\"@type\":\"WebPage\",\"@id\":\"https:\\\/\\\/lesnotesbleues.com\\\/\",\"url\":\"https:\\\/\\\/lesnotesbleues.com\\\/\",\"name\":\"Cours de piano moderne, guitare, trompette.Accueil - Les Notes Bleues, cours de piano, \u00e0 Lesneven\",\"isPartOf\":{\"@id\":\"https:\\\/\\\/lesnotesbleues.com\\\/#website\"},\"primaryImageOfPage\":{\"@id\":\"https:\\\/\\\/lesnotesbleues.com\\\/#primaryimage\"},\"image\":{\"@id\":\"https:\\\/\\\/lesnotesbleues.com\\\/#primaryimage\"},\"thumbnailUrl\":\"https:\\\/\\\/lesnotesbleues.com\\\/wp-content\\\/uploads\\\/2019\\\/05\\\/piano-2611382_1920.jpg\",\"datePublished\":\"2018-08-02T13:51:50+00:00\",\"dateModified\":\"2026-01-09T16:58:13+00:00\",\"description\":\"Cours de piano , Musiques vari\u00e9es. Cours particuliers. Approche classique pour les jeunes enfants, plus moderne pour les adultes et le perfectionnement.\",\"breadcrumb\":{\"@id\":\"https:\\\/\\\/lesnotesbleues.com\\\/#breadcrumb\"},\"inLanguage\":\"fr-FR\",\"potentialAction\":[{\"@type\":\"ReadAction\",\"target\":[\"https:\\\/\\\/lesnotesbleues.com\\\/\"]}]},{\"@type\":\"ImageObject\",\"inLanguage\":\"fr-FR\",\"@id\":\"https:\\\/\\\/lesnotesbleues.com\\\/#primaryimage\",\"url\":\"https:\\\/\\\/lesnotesbleues.com\\\/wp-content\\\/uploads\\\/2019\\\/05\\\/piano-2611382_1920.jpg\",\"contentUrl\":\"https:\\\/\\\/lesnotesbleues.com\\\/wp-content\\\/uploads\\\/2019\\\/05\\\/piano-2611382_1920.jpg\",\"width\":1920,\"height\":1080,\"caption\":\"Cours de piano Au pays de Lesneven\"},{\"@type\":\"BreadcrumbList\",\"@id\":\"https:\\\/\\\/lesnotesbleues.com\\\/#breadcrumb\",\"itemListElement\":[{\"@type\":\"ListItem\",\"position\":1,\"name\":\"Accueil\",\"item\":\"https:\\\/\\\/lesnotesbleues.com\\\/\"},{\"@type\":\"ListItem\",\"position\":2,\"name\":\"Accueil\"}]},{\"@type\":\"WebSite\",\"@id\":\"https:\\\/\\\/lesnotesbleues.com\\\/#website\",\"url\":\"https:\\\/\\\/lesnotesbleues.com\\\/\",\"name\":\"Les Notes Bleues, cours de piano, \u00e0 Lesneven\",\"description\":\"Cours de musique particuliers ou collectifs au pays des l\u00e9gendes.\",\"publisher\":{\"@id\":\"https:\\\/\\\/lesnotesbleues.com\\\/#organization\"},\"potentialAction\":[{\"@type\":\"SearchAction\",\"target\":{\"@type\":\"EntryPoint\",\"urlTemplate\":\"https:\\\/\\\/lesnotesbleues.com\\\/?s={search_term_string}\"},\"query-input\":{\"@type\":\"PropertyValueSpecification\",\"valueRequired\":true,\"valueName\":\"search_term_string\"}}],\"inLanguage\":\"fr-FR\"},{\"@type\":\"Organization\",\"@id\":\"https:\\\/\\\/lesnotesbleues.com\\\/#organization\",\"name\":\"Les Notes Bleues, cours de piano, \u00e0 Lesneven\",\"url\":\"https:\\\/\\\/lesnotesbleues.com\\\/\",\"logo\":{\"@type\":\"ImageObject\",\"inLanguage\":\"fr-FR\",\"@id\":\"https:\\\/\\\/lesnotesbleues.com\\\/#\\\/schema\\\/logo\\\/image\\\/\",\"url\":\"https:\\\/\\\/lesnotesbleues.com\\\/wp-content\\\/uploads\\\/2018\\\/08\\\/cropped-cropped-les_notes_bleues_logo.jpg\",\"contentUrl\":\"https:\\\/\\\/lesnotesbleues.com\\\/wp-content\\\/uploads\\\/2018\\\/08\\\/cropped-cropped-les_notes_bleues_logo.jpg\",\"width\":250,\"height\":250,\"caption\":\"Les Notes Bleues, cours de piano, \u00e0 Lesneven\"},\"image\":{\"@id\":\"https:\\\/\\\/lesnotesbleues.com\\\/#\\\/schema\\\/logo\\\/image\\\/\"}}]}<\/script>\n<!-- \/ Yoast SEO plugin. -->","yoast_head_json":{"title":"Cours de piano moderne, guitare, trompette.Accueil - Les Notes Bleues, cours de piano, \u00e0 Lesneven","description":"Cours de piano , Musiques vari\u00e9es. Cours particuliers. Approche classique pour les jeunes enfants, plus moderne pour les adultes et le perfectionnement.","robots":{"index":"index","follow":"follow","max-snippet":"max-snippet:-1","max-image-preview":"max-image-preview:large","max-video-preview":"max-video-preview:-1"},"canonical":"https:\/\/lesnotesbleues.com\/","og_locale":"fr_FR","og_type":"article","og_title":"Cours de piano moderne, guitare, trompette.Accueil - Les Notes Bleues, cours de piano, \u00e0 Lesneven","og_description":"Cours de piano , Musiques vari\u00e9es. Cours particuliers. Approche classique pour les jeunes enfants, plus moderne pour les adultes et le perfectionnement.","og_url":"https:\/\/lesnotesbleues.com\/","og_site_name":"Les Notes Bleues, cours de piano, \u00e0 Lesneven","article_modified_time":"2026-01-09T16:58:13+00:00","og_image":[{"width":1920,"height":1080,"url":"https:\/\/lesnotesbleues.com\/wp-content\/uploads\/2019\/05\/piano-2611382_1920.jpg","type":"image\/jpeg"}],"twitter_card":"summary_large_image","twitter_misc":{"Dur\u00e9e de lecture estim\u00e9e":"1 minute"},"schema":{"@context":"https:\/\/schema.org","@graph":[{"@type":"WebPage","@id":"https:\/\/lesnotesbleues.com\/","url":"https:\/\/lesnotesbleues.com\/","name":"Cours de piano moderne, guitare, trompette.Accueil - Les Notes Bleues, cours de piano, \u00e0 Lesneven","isPartOf":{"@id":"https:\/\/lesnotesbleues.com\/#website"},"primaryImageOfPage":{"@id":"https:\/\/lesnotesbleues.com\/#primaryimage"},"image":{"@id":"https:\/\/lesnotesbleues.com\/#primaryimage"},"thumbnailUrl":"https:\/\/lesnotesbleues.com\/wp-content\/uploads\/2019\/05\/piano-2611382_1920.jpg","datePublished":"2018-08-02T13:51:50+00:00","dateModified":"2026-01-09T16:58:13+00:00","description":"Cours de piano , Musiques vari\u00e9es. Cours particuliers. Approche classique pour les jeunes enfants, plus moderne pour les adultes et le perfectionnement.","breadcrumb":{"@id":"https:\/\/lesnotesbleues.com\/#breadcrumb"},"inLanguage":"fr-FR","potentialAction":[{"@type":"ReadAction","target":["https:\/\/lesnotesbleues.com\/"]}]},{"@type":"ImageObject","inLanguage":"fr-FR","@id":"https:\/\/lesnotesbleues.com\/#primaryimage","url":"https:\/\/lesnotesbleues.com\/wp-content\/uploads\/2019\/05\/piano-2611382_1920.jpg","contentUrl":"https:\/\/lesnotesbleues.com\/wp-content\/uploads\/2019\/05\/piano-2611382_1920.jpg","width":1920,"height":1080,"caption":"Cours de piano Au pays de Lesneven"},{"@type":"BreadcrumbList","@id":"https:\/\/lesnotesbleues.com\/#breadcrumb","itemListElement":[{"@type":"ListItem","position":1,"name":"Accueil","item":"https:\/\/lesnotesbleues.com\/"},{"@type":"ListItem","position":2,"name":"Accueil"}]},{"@type":"WebSite","@id":"https:\/\/lesnotesbleues.com\/#website","url":"https:\/\/lesnotesbleues.com\/","name":"Les Notes Bleues, cours de piano, \u00e0 Lesneven","description":"Cours de musique particuliers ou collectifs au pays des l\u00e9gendes.","publisher":{"@id":"https:\/\/lesnotesbleues.com\/#organization"},"potentialAction":[{"@type":"SearchAction","target":{"@type":"EntryPoint","urlTemplate":"https:\/\/lesnotesbleues.com\/?s={search_term_string}"},"query-input":{"@type":"PropertyValueSpecification","valueRequired":true,"valueName":"search_term_string"}}],"inLanguage":"fr-FR"},{"@type":"Organization","@id":"https:\/\/lesnotesbleues.com\/#organization","name":"Les Notes Bleues, cours de piano, \u00e0 Lesneven","url":"https:\/\/lesnotesbleues.com\/","logo":{"@type":"ImageObject","inLanguage":"fr-FR","@id":"https:\/\/lesnotesbleues.com\/#\/schema\/logo\/image\/","url":"https:\/\/lesnotesbleues.com\/wp-content\/uploads\/2018\/08\/cropped-cropped-les_notes_bleues_logo.jpg","contentUrl":"https:\/\/lesnotesbleues.com\/wp-content\/uploads\/2018\/08\/cropped-cropped-les_notes_bleues_logo.jpg","width":250,"height":250,"caption":"Les Notes Bleues, cours de piano, \u00e0 Lesneven"},"image":{"@id":"https:\/\/lesnotesbleues.com\/#\/schema\/logo\/image\/"}}]}},"_links":{"self":[{"href":"https:\/\/lesnotesbleues.com\/index.php\/wp-json\/wp\/v2\/pages\/6","targetHints":{"allow":["GET"]}}],"collection":[{"href":"https:\/\/lesnotesbleues.com\/index.php\/wp-json\/wp\/v2\/pages"}],"about":[{"href":"https:\/\/lesnotesbleues.com\/index.php\/wp-json\/wp\/v2\/types\/page"}],"author":[{"embeddable":true,"href":"https:\/\/lesnotesbleues.com\/index.php\/wp-json\/wp\/v2\/users\/1"}],"replies":[{"embeddable":true,"href":"https:\/\/lesnotesbleues.com\/index.php\/wp-json\/wp\/v2\/comments?post=6"}],"version-history":[{"count":153,"href":"https:\/\/lesnotesbleues.com\/index.php\/wp-json\/wp\/v2\/pages\/6\/revisions"}],"predecessor-version":[{"id":5537,"href":"https:\/\/lesnotesbleues.com\/index.php\/wp-json\/wp\/v2\/pages\/6\/revisions\/5537"}],"wp:featuredmedia":[{"embeddable":true,"href":"https:\/\/lesnotesbleues.com\/index.php\/wp-json\/wp\/v2\/media\/584"}],"wp:attachment":[{"href":"https:\/\/lesnotesbleues.com\/index.php\/wp-json\/wp\/v2\/media?parent=6"}],"curies":[{"name":"wp","href":"https:\/\/api.w.org\/{rel}","templated":true}]}}